{"id":81,"date":"2025-12-21T11:30:20","date_gmt":"2025-12-21T10:30:20","guid":{"rendered":"https:\/\/nathanaellepirardautrice.be\/?page_id=81"},"modified":"2026-03-17T18:12:01","modified_gmt":"2026-03-17T17:12:01","slug":"interviews","status":"publish","type":"page","link":"https:\/\/nathanaellepirardautrice.be\/index.php\/interviews\/","title":{"rendered":"Interviews"},"content":{"rendered":"\n<h2 class=\"wp-block-heading\">A propos de &#8220;Loin d&#8217;Eden&#8221;<\/h2>\n\n\n\n<h5 class=\"wp-block-heading has-dark-red-color has-text-color has-link-color wp-elements-ffa37f8d62e55a6ffda083d4beea99b5\">Nos auteurs ont la parole sur RCF<\/h5>\n\n\n\n<p>Interview radio par R\u00e9gine Kerzmann &amp; Julien Moes <a href=\"https:\/\/podcastaddict.com\/episode\/https%3A%2F%2Faudio.audiomeans.fr%2Ffile%2FJCFowtAPAc%2Fb7de48af-1a21-40a2-9b4c-3a6bd1f92eec.mp3%3F_%3D1772457345&amp;podcastId=5182186\" data-type=\"link\" data-id=\"https:\/\/www.youtube.com\/watch?v=olfCFjoTo70\">ici<\/a>.<\/p>\n\n\n\n<figure class=\"wp-block-image size-full\"><img loading=\"lazy\" decoding=\"async\" width=\"474\" height=\"416\" src=\"https:\/\/nathanaellepirardautrice.be\/wp-content\/uploads\/2026\/03\/RCF-1.png\" alt=\"\" class=\"wp-image-150\" srcset=\"https:\/\/nathanaellepirardautrice.be\/wp-content\/uploads\/2026\/03\/RCF-1.png 474w, https:\/\/nathanaellepirardautrice.be\/wp-content\/uploads\/2026\/03\/RCF-1-300x263.png 300w\" sizes=\"auto, (max-width: 474px) 85vw, 474px\" \/><\/figure>\n\n\n\n<h5 class=\"wp-block-heading has-dark-red-color has-text-color has-link-color wp-elements-1bafc4ea950931e3f3064e2073d5ae37\">Villages &amp; vous<\/h5>\n\n\n\n<p>Villages &amp; vous est un m\u00e9dia de promotion des initiatives locales. J&#8217;ai eu l&#8217;occasion de r\u00e9pondre aux questions de Julien  Moes face \u00e0 la cam\u00e9ra de Thibault Moes \u00e0 la foire du livre de Remicourt de 2025. C&#8217;est <a href=\"https:\/\/www.youtube.com\/watch?v=olfCFjoTo70\" data-type=\"link\" data-id=\"https:\/\/www.youtube.com\/watch?v=olfCFjoTo70\">ici<\/a>.<\/p>\n\n\n\n<p><\/p>\n\n\n\n<h5 class=\"wp-block-heading has-dark-red-color has-text-color has-link-color wp-elements-39ad99f7436472060f752c5b38567e95\">Qu4atre<\/h5>\n\n\n\n<p>J&#8217;ai enregistr\u00e9 une interview pour La boite \u00e0 livres, \u00e0 la radio QuAtre. C&#8217;est <a href=\"https:\/\/www.qu4tre.be\/emission\/la-boite-livres\/la-boite-livres-nathanaelle-pirard-loin-deden-murmure-des-soirs\/2010387\" data-type=\"link\" data-id=\"https:\/\/www.qu4tre.be\/emission\/la-boite-livres\/la-boite-livres-nathanaelle-pirard-loin-deden-murmure-des-soirs\/2010387\">ici<\/a>.<\/p>\n\n\n\n<p><\/p>\n\n\n\n<h2 class=\"wp-block-heading\">A propos de &#8220;Sally&#8221;<\/h2>\n\n\n\n<h5 class=\"wp-block-heading has-dark-red-color has-text-color has-link-color wp-elements-bea6b8c79644df65716191d66b151712\">Biblioth\u00e8que d&#8217;Hannut<\/h5>\n\n\n\n<p>Dans le cadre du salon annuel &#8220;C&#8217;est \u00e9crit pr\u00e8s de chez vous&#8221;, j&#8217;avais \u00e9t\u00e9 invit\u00e9e \u00e0 pr\u00e9senter &#8220;Sally&#8221;. C&#8217;est ici.<\/p>\n\n\n\n<p><\/p>\n\n\n\n<h5 class=\"wp-block-heading has-dark-red-color has-text-color has-link-color wp-elements-8b07dd9c336e730001d0fe93202e3018\">Magazine #Li\u00e9geois<\/h5>\n\n\n\n<p><a href=\"https:\/\/www.liegeois-magazine.be\/2023\/08\/10\/sally-etait-la-quelque-part\/\" data-type=\"link\" data-id=\"https:\/\/www.liegeois-magazine.be\/2023\/08\/10\/sally-etait-la-quelque-part\/\">&#8220;Sally \u00e9tait l\u00e0, quelque part&#8221;<\/a>, article \u00e9crit par Thiebaut Colot pour le magazine <em>#Li\u00e9geois<\/em>. <\/p>\n","protected":false},"excerpt":{"rendered":"<p>A propos de &#8220;Loin d&#8217;Eden&#8221; Nos auteurs ont la parole sur RCF Interview radio par R\u00e9gine Kerzmann &amp; Julien Moes ici. Villages &amp; vous Villages &amp; vous est un m\u00e9dia de promotion des initiatives locales. J&#8217;ai eu l&#8217;occasion de r\u00e9pondre aux questions de Julien Moes face \u00e0 la cam\u00e9ra de Thibault Moes \u00e0 la foire &hellip; <a href=\"https:\/\/nathanaellepirardautrice.be\/index.php\/interviews\/\" class=\"more-link\">Continue reading<span class=\"screen-reader-text\"> &#8220;Interviews&#8221;<\/span><\/a><\/p>\n","protected":false},"author":1,"featured_media":0,"parent":0,"menu_order":0,"comment_status":"closed","ping_status":"closed","template":"","meta":{"footnotes":""},"class_list":["post-81","page","type-page","status-publish","hentry"],"_links":{"self":[{"href":"https:\/\/nathanaellepirardautrice.be\/index.php\/wp-json\/wp\/v2\/pages\/81","targetHints":{"allow":["GET"]}}],"collection":[{"href":"https:\/\/nathanaellepirardautrice.be\/index.php\/wp-json\/wp\/v2\/pages"}],"about":[{"href":"https:\/\/nathanaellepirardautrice.be\/index.php\/wp-json\/wp\/v2\/types\/page"}],"author":[{"embeddable":true,"href":"https:\/\/nathanaellepirardautrice.be\/index.php\/wp-json\/wp\/v2\/users\/1"}],"replies":[{"embeddable":true,"href":"https:\/\/nathanaellepirardautrice.be\/index.php\/wp-json\/wp\/v2\/comments?post=81"}],"version-history":[{"count":9,"href":"https:\/\/nathanaellepirardautrice.be\/index.php\/wp-json\/wp\/v2\/pages\/81\/revisions"}],"predecessor-version":[{"id":151,"href":"https:\/\/nathanaellepirardautrice.be\/index.php\/wp-json\/wp\/v2\/pages\/81\/revisions\/151"}],"wp:attachment":[{"href":"https:\/\/nathanaellepirardautrice.be\/index.php\/wp-json\/wp\/v2\/media?parent=81"}],"curies":[{"name":"wp","href":"https:\/\/api.w.org\/{rel}","templated":true}]}}