{"id":64,"date":"2025-11-16T19:52:02","date_gmt":"2025-11-16T18:52:02","guid":{"rendered":"https:\/\/nathanaellepirardautrice.be\/?page_id=64"},"modified":"2026-02-24T17:15:07","modified_gmt":"2026-02-24T16:15:07","slug":"mes-textes","status":"publish","type":"page","link":"https:\/\/nathanaellepirardautrice.be\/index.php\/mes-textes\/","title":{"rendered":"Mes textes"},"content":{"rendered":"\n<h4 class=\"wp-block-heading has-dark-red-color has-text-color has-link-color wp-elements-9967b8dfc30358983bb96ba1132cc166\">Loin d&#8217;Eden<\/h4>\n\n\n\n<h5 class=\"wp-block-heading has-dark-red-color has-text-color has-link-color wp-elements-fcbedfcc88ebd0a6b1cc4f34012bd843\">Le dernier n\u00e9, sorti en octobre 2025.<\/h5>\n\n\n\n<p>Lorsque Victoire, charmante octog\u00e9naire, croise Mona, une \u00e9tudiante mal dans sa peau, c\u2019est le choc. Mona est le double parfait de Lizzie, son amie d\u2019enfance perdue de vue.<\/p>\n\n\n\n<p>Le pass\u00e9 remonte des profondeurs o\u00f9 elle l\u2019avait enfoui, avec une force telle qu\u2019elle se confie \u00e0 Mona. Celle-ci d\u00e9couvre le terrible secret de Victoire.<\/p>\n\n\n\n<p>Boulevers\u00e9e, elle l\u2019incite \u00e0 lever le dernier voile de son histoire tragique tandis que la vieille dame s\u2019emploie \u00e0 la guider dans l\u2019\u00e9veil de sa personnalit\u00e9. <\/p>\n\n\n\n<p>\u00c9clairant un pan dramatique de l\u2019histoire r\u00e9cente, Loin d\u2019Eden est un roman de transmission et d\u2019apprentissage qui, entre pass\u00e9 et avenir, aborde \u00e0 la fois la capacit\u00e9 de r\u00e9silience et la naissance d\u2019une vie adulte.<\/p>\n\n\n\n<p><\/p>\n\n\n\n<p>Pour des critiques, c&#8217;est <a href=\"https:\/\/nathanaellepirardautrice.be\/index.php\/ils-elles-en-parlent-loin-deden\/\" data-type=\"link\" data-id=\"https:\/\/nathanaellepirardautrice.be\/index.php\/ils-elles-en-parlent-loin-deden\/\">ici<\/a>.<\/p>\n\n\n\n<figure class=\"wp-block-image size-full\"><img loading=\"lazy\" decoding=\"async\" width=\"390\" height=\"537\" src=\"https:\/\/nathanaellepirardautrice.be\/wp-content\/uploads\/2025\/11\/Couverture-Loin-dEden.png\" alt=\"\" class=\"wp-image-56\" srcset=\"https:\/\/nathanaellepirardautrice.be\/wp-content\/uploads\/2025\/11\/Couverture-Loin-dEden.png 390w, https:\/\/nathanaellepirardautrice.be\/wp-content\/uploads\/2025\/11\/Couverture-Loin-dEden-218x300.png 218w\" sizes=\"auto, (max-width: 390px) 85vw, 390px\" \/><\/figure>\n\n\n\n<p><\/p>\n\n\n\n<h4 class=\"wp-block-heading has-dark-red-color has-text-color has-link-color wp-elements-462f0a05cc12424398b67d1a220053d9\">Sally<\/h4>\n\n\n\n<h5 class=\"wp-block-heading has-dark-red-color has-text-color has-link-color wp-elements-4ab2c73ed5a9b47be9841a1ac93eeef2\">En 2021, sortait mon premier b\u00e9b\u00e9\u2026<\/h5>\n\n\n\n<p>\u00c0 quinze ans, Sally vit \u00e0 Bruxelles, seule avec sa m\u00e8re, qui a sombr\u00e9 dans l\u2019alcool. De sa famille, rest\u00e9e \u00e0 La Roche-en-Ardenne, on ne peut plus parler. La vie de Sally prend un nouveau tournant quand elle d\u00e9couvre que le mari de sa voisine Eva, sympathique septuag\u00e9naire, a myst\u00e9rieusement disparu. Sally se lance alors dans une enqu\u00eate, qui la m\u00e8nera plus loin qu\u2019elle ne l\u2019imaginait. Sur la piste de Michel, l\u2019adolescente voit resurgir les questions \u00e9touff\u00e9es depuis des ann\u00e9es. Pourquoi sa m\u00e8re l\u2019a-t-elle \u00e9loign\u00e9e de sa famille ? Cherchait-elle uniquement \u00e0 la prot\u00e9ger, comme elle le pr\u00e9tend ?<\/p>\n\n\n\n<p>Un roman sur la solitude et la maladie, une histoire de rencontres, une qu\u00eate moderne, un chemin sinueux pour se (re)trouver.<\/p>\n\n\n\n<p>Pour des critiques, c&#8217;est <a href=\"https:\/\/nathanaellepirardautrice.be\/index.php\/ils-elles-en-parlent-sally\/\" data-type=\"link\" data-id=\"https:\/\/nathanaellepirardautrice.be\/index.php\/ils-elles-en-parlent-sally\/\">ici<\/a>.<\/p>\n\n\n\n<figure class=\"wp-block-image size-full\"><img loading=\"lazy\" decoding=\"async\" width=\"391\" height=\"445\" src=\"https:\/\/nathanaellepirardautrice.be\/wp-content\/uploads\/2025\/12\/Couverture-1re-Sally-1.png\" alt=\"\" class=\"wp-image-97\" srcset=\"https:\/\/nathanaellepirardautrice.be\/wp-content\/uploads\/2025\/12\/Couverture-1re-Sally-1.png 391w, https:\/\/nathanaellepirardautrice.be\/wp-content\/uploads\/2025\/12\/Couverture-1re-Sally-1-264x300.png 264w\" sizes=\"auto, (max-width: 391px) 85vw, 391px\" \/><\/figure>\n\n\n\n<h4 class=\"wp-block-heading has-dark-red-color has-text-color has-link-color wp-elements-09f5ff3684ac3ec01ceebabb6f9c4dea\">Les mains dans la terre<\/h4>\n\n\n\n<h5 class=\"wp-block-heading has-dark-red-color has-text-color has-link-color wp-elements-6fd145066a24061f0f97d77ffeccb7b5\">Une nouvelle qui fait froid dans le dos.<\/h5>\n\n\n\n<p>Alors qu\u2019il creuse le sol du verger familial pour y planter un pommier, Gr\u00e9goire, treize ans, d\u00e9couvre une \u00e9trange boite en bois. Entre imagination et raison, d\u00e9sir de savoir et envie de bien faire, une lutte commence, mais la curiosit\u00e9 est la plus forte. Elle poussera le gar\u00e7on \u00e0 ouvrir le coffre et mettre ainsi le pied dans un engrenage dont il sortira profond\u00e9ment transform\u00e9.&nbsp;Peut-\u00eatre est-ce cela, devenir grand ?<\/p>\n\n\n\n<figure class=\"wp-block-image size-large\"><img loading=\"lazy\" decoding=\"async\" width=\"1024\" height=\"700\" src=\"https:\/\/nathanaellepirardautrice.be\/wp-content\/uploads\/2025\/11\/couverture-298-MAINS-DANS-LA-TERRE-1-2-1024x700.jpg\" alt=\"\" class=\"wp-image-69\" srcset=\"https:\/\/nathanaellepirardautrice.be\/wp-content\/uploads\/2025\/11\/couverture-298-MAINS-DANS-LA-TERRE-1-2-1024x700.jpg 1024w, https:\/\/nathanaellepirardautrice.be\/wp-content\/uploads\/2025\/11\/couverture-298-MAINS-DANS-LA-TERRE-1-2-300x205.jpg 300w, https:\/\/nathanaellepirardautrice.be\/wp-content\/uploads\/2025\/11\/couverture-298-MAINS-DANS-LA-TERRE-1-2-768x525.jpg 768w, https:\/\/nathanaellepirardautrice.be\/wp-content\/uploads\/2025\/11\/couverture-298-MAINS-DANS-LA-TERRE-1-2-1536x1049.jpg 1536w, https:\/\/nathanaellepirardautrice.be\/wp-content\/uploads\/2025\/11\/couverture-298-MAINS-DANS-LA-TERRE-1-2-2048x1399.jpg 2048w, https:\/\/nathanaellepirardautrice.be\/wp-content\/uploads\/2025\/11\/couverture-298-MAINS-DANS-LA-TERRE-1-2-1200x820.jpg 1200w\" sizes=\"auto, (max-width: 709px) 85vw, (max-width: 909px) 67vw, (max-width: 1362px) 62vw, 840px\" \/><\/figure>\n\n\n\n<h4 class=\"wp-block-heading has-dark-red-color has-text-color has-link-color wp-elements-edc9e3dc5de302a072a458d88d2f237e\">Prendre vie<\/h4>\n\n\n\n<h5 class=\"wp-block-heading has-dark-red-color has-text-color has-link-color wp-elements-d569a4113e289debe4ae436641244f95\">Un recueil de nouvelles sur la vie et la mort, co-\u00e9crit avec mon amie Floriane Hoogewijs.<br><\/h5>\n\n\n\n<p><br>Vous plongerez au c\u0153ur de la solitude d&#8217;un \u00e9quarrisseur maladroit, d&#8217;une admiratrice obsessionnelle, vous fuirez dans la for\u00eat aux c\u00f4t\u00e9s d&#8217;un homme \u00e9c\u0153ur\u00e9 par la soci\u00e9t\u00e9 ou d&#8217;une femme transform\u00e9e en proie, vous gouterez \u00e0 l&#8217;amertume d&#8217;une l\u00e9giste rong\u00e9e par ses souvenirs d&#8217;enfance,&#8230;<\/p>\n\n\n\n<p><a href=\"https:\/\/www.publier-un-livre.com\/fr\/le-livre-en-papier-auteur\/29677-floriane-hoogewijs-and-mira\"><\/a><\/p>\n\n\n\n<figure class=\"wp-block-image size-full\"><img loading=\"lazy\" decoding=\"async\" width=\"317\" height=\"450\" src=\"https:\/\/nathanaellepirardautrice.be\/wp-content\/uploads\/2025\/12\/thumbnail4426.67b5f25224833.jpeg\" alt=\"\" class=\"wp-image-98\" srcset=\"https:\/\/nathanaellepirardautrice.be\/wp-content\/uploads\/2025\/12\/thumbnail4426.67b5f25224833.jpeg 317w, https:\/\/nathanaellepirardautrice.be\/wp-content\/uploads\/2025\/12\/thumbnail4426.67b5f25224833-211x300.jpeg 211w\" sizes=\"auto, (max-width: 317px) 85vw, 317px\" \/><\/figure>\n\n\n\n<h4 class=\"wp-block-heading has-dark-red-color has-text-color has-link-color wp-elements-16a0e8117922fd40658cec9e2cc23e42\">AUTRES TEXTES<\/h4>\n\n\n\n<p><a href=\"https:\/\/www.liegeois-magazine.be\/2023\/12\/07\/liberate\/\" data-type=\"link\" data-id=\"https:\/\/www.liegeois-magazine.be\/2023\/12\/07\/liberate\/\">Lib\u00e9rate<\/a>, un po\u00e8me \u00e9crit dans le cadre de l&#8217;exposition du m\u00eame nom du peintre Jean-Michel Dubuc.<\/p>\n\n\n\n<p><\/p>\n","protected":false},"excerpt":{"rendered":"<p>Loin d&#8217;Eden Le dernier n\u00e9, sorti en octobre 2025. Lorsque Victoire, charmante octog\u00e9naire, croise Mona, une \u00e9tudiante mal dans sa peau, c\u2019est le choc. Mona est le double parfait de Lizzie, son amie d\u2019enfance perdue de vue. Le pass\u00e9 remonte des profondeurs o\u00f9 elle l\u2019avait enfoui, avec une force telle qu\u2019elle se confie \u00e0 Mona. &hellip; <a href=\"https:\/\/nathanaellepirardautrice.be\/index.php\/mes-textes\/\" class=\"more-link\">Continue reading<span class=\"screen-reader-text\"> &#8220;Mes textes&#8221;<\/span><\/a><\/p>\n","protected":false},"author":1,"featured_media":0,"parent":0,"menu_order":0,"comment_status":"closed","ping_status":"closed","template":"","meta":{"footnotes":""},"class_list":["post-64","page","type-page","status-publish","hentry"],"_links":{"self":[{"href":"https:\/\/nathanaellepirardautrice.be\/index.php\/wp-json\/wp\/v2\/pages\/64","targetHints":{"allow":["GET"]}}],"collection":[{"href":"https:\/\/nathanaellepirardautrice.be\/index.php\/wp-json\/wp\/v2\/pages"}],"about":[{"href":"https:\/\/nathanaellepirardautrice.be\/index.php\/wp-json\/wp\/v2\/types\/page"}],"author":[{"embeddable":true,"href":"https:\/\/nathanaellepirardautrice.be\/index.php\/wp-json\/wp\/v2\/users\/1"}],"replies":[{"embeddable":true,"href":"https:\/\/nathanaellepirardautrice.be\/index.php\/wp-json\/wp\/v2\/comments?post=64"}],"version-history":[{"count":8,"href":"https:\/\/nathanaellepirardautrice.be\/index.php\/wp-json\/wp\/v2\/pages\/64\/revisions"}],"predecessor-version":[{"id":144,"href":"https:\/\/nathanaellepirardautrice.be\/index.php\/wp-json\/wp\/v2\/pages\/64\/revisions\/144"}],"wp:attachment":[{"href":"https:\/\/nathanaellepirardautrice.be\/index.php\/wp-json\/wp\/v2\/media?parent=64"}],"curies":[{"name":"wp","href":"https:\/\/api.w.org\/{rel}","templated":true}]}}