{"id":62,"date":"2025-11-16T19:47:35","date_gmt":"2025-11-16T18:47:35","guid":{"rendered":"https:\/\/nathanaellepirardautrice.be\/?page_id=62"},"modified":"2026-02-19T10:04:47","modified_gmt":"2026-02-19T09:04:47","slug":"qui-suis-je","status":"publish","type":"page","link":"https:\/\/nathanaellepirardautrice.be\/","title":{"rendered":"Qui suis-je ?"},"content":{"rendered":"\n<p>N\u00e9e \u00e0 Li\u00e8ge en 1978, j\u2019enseigne le fran\u00e7ais et suis maman de deux jeunes adultes. Je me passionne donc pour les \u00eatres en devenir.<br><br>Lectrice boulimique d\u00e8s l\u2019enfance, je titille la plume&nbsp;depuis plus de dix ans, seule, en stages ou en ateliers d\u2019\u00e9criture.<\/p>\n\n\n\n<p>Mon premier roman,&nbsp;<em>Sally<\/em>, paru aux \u00e9ditions Murmure des soirs en 2021, a \u00e9t\u00e9 suivi d\u2019une nouvelle \u00e9dit\u00e9e chez Lamiroy en 2023,&nbsp;<em>Les<\/em>&nbsp;<em>Mains dans la terre<\/em>. Mon deuxi\u00e8me roman,&nbsp;<em>Loin d\u2019Eden<\/em>, parait en octobre 2025 aux \u00e9ditions Murmure des soirs.<br><br>J\u2019\u00e9cris l\u2019intime, la rencontre, les secrets qui nous rongent, mais nous invitent \u00e0 aller plus loin, \u00e0 tisser des liens.<br><br>Au-del\u00e0 du plaisir des mots et des histoires, lire et \u00e9crire, c\u2019est vivre des millions de vie. C\u2019est chercher \u00e0 comprendre l\u2019humain par touches impressionnistes, ses motivations, ses bagages, ses souffrances, ses changements de direction, surtout son empathie, sa r\u00e9silience et les multiples chemins qui m\u00e8nent aux autres\u2026 et \u00e0 soi.<\/p>\n\n\n\n<figure class=\"wp-block-image size-full\"><img loading=\"lazy\" decoding=\"async\" width=\"437\" height=\"559\" src=\"https:\/\/nathanaellepirardautrice.be\/wp-content\/uploads\/2025\/11\/Nath-mains-dans-la-terre.png\" alt=\"\" class=\"wp-image-72\" srcset=\"https:\/\/nathanaellepirardautrice.be\/wp-content\/uploads\/2025\/11\/Nath-mains-dans-la-terre.png 437w, https:\/\/nathanaellepirardautrice.be\/wp-content\/uploads\/2025\/11\/Nath-mains-dans-la-terre-235x300.png 235w\" sizes=\"auto, (max-width: 437px) 85vw, 437px\" \/><\/figure>\n\n\n\n<p><\/p>\n","protected":false},"excerpt":{"rendered":"<p>N\u00e9e \u00e0 Li\u00e8ge en 1978, j\u2019enseigne le fran\u00e7ais et suis maman de deux jeunes adultes. Je me passionne donc pour les \u00eatres en devenir. Lectrice boulimique d\u00e8s l\u2019enfance, je titille la plume&nbsp;depuis plus de dix ans, seule, en stages ou en ateliers d\u2019\u00e9criture. Mon premier roman,&nbsp;Sally, paru aux \u00e9ditions Murmure des soirs en 2021, a &hellip; <a href=\"https:\/\/nathanaellepirardautrice.be\/\" class=\"more-link\">Continue reading<span class=\"screen-reader-text\"> &#8220;Qui suis-je ?&#8221;<\/span><\/a><\/p>\n","protected":false},"author":1,"featured_media":0,"parent":0,"menu_order":0,"comment_status":"closed","ping_status":"closed","template":"","meta":{"footnotes":""},"class_list":["post-62","page","type-page","status-publish","hentry"],"_links":{"self":[{"href":"https:\/\/nathanaellepirardautrice.be\/index.php\/wp-json\/wp\/v2\/pages\/62","targetHints":{"allow":["GET"]}}],"collection":[{"href":"https:\/\/nathanaellepirardautrice.be\/index.php\/wp-json\/wp\/v2\/pages"}],"about":[{"href":"https:\/\/nathanaellepirardautrice.be\/index.php\/wp-json\/wp\/v2\/types\/page"}],"author":[{"embeddable":true,"href":"https:\/\/nathanaellepirardautrice.be\/index.php\/wp-json\/wp\/v2\/users\/1"}],"replies":[{"embeddable":true,"href":"https:\/\/nathanaellepirardautrice.be\/index.php\/wp-json\/wp\/v2\/comments?post=62"}],"version-history":[{"count":5,"href":"https:\/\/nathanaellepirardautrice.be\/index.php\/wp-json\/wp\/v2\/pages\/62\/revisions"}],"predecessor-version":[{"id":135,"href":"https:\/\/nathanaellepirardautrice.be\/index.php\/wp-json\/wp\/v2\/pages\/62\/revisions\/135"}],"wp:attachment":[{"href":"https:\/\/nathanaellepirardautrice.be\/index.php\/wp-json\/wp\/v2\/media?parent=62"}],"curies":[{"name":"wp","href":"https:\/\/api.w.org\/{rel}","templated":true}]}}